{"id":934,"date":"2018-07-31T17:03:25","date_gmt":"2018-07-31T08:03:25","guid":{"rendered":"https:\/\/www.riteway-jp.com\/bicycle\/burley\/?post_type=product&#038;p=934"},"modified":"2023-08-22T07:51:56","modified_gmt":"2023-08-21T22:51:56","slug":"burleyballzthruaxle","status":"publish","type":"product","link":"https:\/\/www.riteway-jp.com\/bicycle\/burley\/product\/burleyballzthruaxle\/","title":{"rendered":"Burley \u30dc\u30fc\u30eb\u30ba\u30b9\u30eb\u30fc\u30a2\u30af\u30b9\u30eb\uff08\u5728\u5eab\u9650\u308a\uff09"},"content":{"rendered":"<ul class=\"wc-tabs\">\r\n<li class=\"descriptions_tab active\">\u88fd\u54c1\u8a73\u7d30<\/li>\r\n<\/ul>\r\n\r\n<div class=\"panel-content\" id=\"tab-descriptions\" style=\"display: block;\">\r\n\r\n&nbsp;<br>\r\n\u7279\u9577<br>\r\nBurley COHO XC\u5c02\u7528<br>\r\n12mm\u30b9\u30eb\u30fc\u30a2\u30af\u30b9\u30eb\u5c02\u7528<br>\r\n\u4e00\u5ea6\u88c5\u7740\u3059\u308b\u3068\u53d6\u5916\u3057\u306f\u4e0d\u8981<br>\r\n&nbsp;<br>\r\n\u5bfe\u5fdc\u30b5\u30a4\u30ba<ul>\r\n<li>12\u00d71.0 142-148mm<\/li>\r\n<li>12\u00d71.5 142-148mm<\/li>\r\n<li>12\u00d71.75 142-148mm<\/li>\r\n<li>12\u00d71.5 197mm<\/li>\r\n<li>12\u00d71.75 197mm<\/li>\r\n<li>12\u00d71.0 197mm<\/li>\r\n<li>12\u00d71.5 177mm<\/li>\r\n<li>12\u00d71.75 177mm<\/li>\r\n<li>12\u00d71.75 142-148mm LONG<\/li>\r\n<\/ul>\r\n\r\n<\/div>","protected":false},"excerpt":{"rendered":"<table border=\"0\" cellspacing=\"0\" cellpadding=\"0\">\r\n<tr>\r\n<th width=\"90\">\u5546\u54c1\u756a\u53f7<\/th>\r\n<th>\u30b5\u30a4\u30ba<\/th>\r\n<\/tr>\r\n<tr>\r\n<td>144060<\/td>\r\n<td>12\u00d71.0 142-148mm \u751f\u7523\u7d42\u4e86<\/td>\r\n<\/tr>\r\n<tr>\r\n<td>144061<\/td>\r\n<td>12\u00d71.5 142-148mm<\/td>\r\n<\/tr>\r\n<tr>\r\n<td>144062<\/td>\r\n<td>12\u00d71.75 142-148mm<\/td>\r\n<\/tr>\r\n<tr>\r\n<td>144069<\/td>\r\n<td>12\u00d71.5 197mm \u751f\u7523\u7d42\u4e86<\/td>\r\n<\/tr>\r\n<tr>\r\n<td>144070<\/td>\r\n<td>12\u00d71.75 197mm \u751f\u7523\u7d42\u4e86<\/td>\r\n<\/tr>\r\n<tr>\r\n<td>144071<\/td>\r\n<td>12\u00d71.0 197mm \u751f\u7523\u7d42\u4e86<\/td>\r\n<\/tr>\r\n<tr>\r\n<td>144072<\/td>\r\n<td>12\u00d71.5 177mm \u751f\u7523\u7d42\u4e86<\/td>\r\n<\/tr>\r\n<tr>\r\n<td>144073<\/td>\r\n<td>12\u00d71.75 177mm \u751f\u7523\u7d42\u4e86<\/td>\r\n<\/tr>\r\n<tr>\r\n<td>144074<\/td>\r\n<td>12\u00d71.75 142-148mm LONG \u751f\u7523\u7d42\u4e86<\/td>\r\n<\/tr>\r\n<\/table>\r\n&nbsp;<br>\r\n12mm\u30b9\u30eb\u30fc\u30a2\u30af\u30b9\u30eb\u3092\u63a1\u7528\u3057\u305f\u81ea\u8ee2\u8eca\u306bCOHO XC\u3092\u56fa\u5b9a\u3059\u308b\u305f\u3081\u306e\u5c02\u7528\u30b9\u30eb\u30fc\u30a2\u30af\u30b9\u30eb\u3002\r\n\u4e00\u5ea6\u53d6\u308a\u4ed8\u3051\u3092\u884c\u3046\u3068\u53d6\u308a\u5916\u3059\u5fc5\u8981\u306f\u3042\u308a\u307e\u305b\u3093\u3002\r\n\r\n<code>\r\n<!--\r\n<div class=\"product-video-container\">\r\n<iframe loading=\"lazy\" width=\"720\" height=\"405\" src=\"https:\/\/www.youtube.com\/embed\/Ryvr445xRHs?cc_load_policy=1\" frameborder=\"0\" allowfullscreen><\/iframe>\r\n<\/div>\r\n-->\r\n<\/code>","protected":false},"featured_media":937,"comment_status":"open","ping_status":"closed","template":"","meta":[],"product_cat":[17],"product_tag":[],"yoast_head":"<!-- This site is optimized with the Yoast SEO plugin v20.12 - https:\/\/yoast.com\/wordpress\/plugins\/seo\/ -->\n<title>Burley \u30dc\u30fc\u30eb\u30ba\u30b9\u30eb\u30fc\u30a2\u30af\u30b9\u30eb\uff08\u5728\u5eab\u9650\u308a\uff09 - \u516c\u5f0f\u30d0\u30fc\u30ec\u30fc(Burley)\u81ea\u8ee2\u8eca\u7528\u30d9\u30d3\u30fc\u30ab\u30fc,\u30b5\u30a4\u30af\u30eb\u30c8\u30ec\u30fc\u30e9\u30fc<\/title>\n<meta name=\"robots\" content=\"index, follow, max-snippet:-1, max-image-preview:large, max-video-preview:-1\" \/>\n<link rel=\"canonical\" href=\"https:\/\/www.riteway-jp.com\/bicycle\/burley\/product\/burleyballzthruaxle\/\" \/>\n<meta property=\"og:locale\" content=\"ja_JP\" \/>\n<meta property=\"og:type\" content=\"article\" \/>\n<meta property=\"og:title\" content=\"Burley \u30dc\u30fc\u30eb\u30ba\u30b9\u30eb\u30fc\u30a2\u30af\u30b9\u30eb\uff08\u5728\u5eab\u9650\u308a\uff09 - \u516c\u5f0f\u30d0\u30fc\u30ec\u30fc(Burley)\u81ea\u8ee2\u8eca\u7528\u30d9\u30d3\u30fc\u30ab\u30fc,\u30b5\u30a4\u30af\u30eb\u30c8\u30ec\u30fc\u30e9\u30fc\" \/>\n<meta property=\"og:description\" content=\"\u5546\u54c1\u756a\u53f7 \u30b5\u30a4\u30ba   144060 12\u00d71.0 142-148mm \u751f\u7523\u7d42\u4e86   144061 12\u00d71.5 142-148mm   144062 12\u00d71.75 142-148mm   144069 12\u00d71.5 197mm \u751f\u7523\u7d42\u4e86   144070 12\u00d71.75 197mm \u751f\u7523\u7d42\u4e86   144071 12\u00d71.0 197mm \u751f\u7523\u7d42\u4e86   144072 12\u00d71.5 177mm \u751f\u7523\u7d42\u4e86   144073 12\u00d71.75 177mm \u751f\u7523\u7d42\u4e86   144074 12\u00d71.75 142-148mm LONG \u751f\u7523\u7d42\u4e86   &nbsp; 12mm\u30b9\u30eb\u30fc\u30a2\u30af\u30b9\u30eb\u3092\u63a1\u7528\u3057\u305f\u81ea\u8ee2\u8eca\u306bCOHO XC\u3092\u56fa\u5b9a\u3059\u308b\u305f\u3081\u306e\u5c02\u7528\u30b9\u30eb\u30fc\u30a2\u30af\u30b9\u30eb\u3002 \u4e00\u5ea6\u53d6\u308a\u4ed8\u3051\u3092\u884c\u3046\u3068\u53d6\u308a\u5916\u3059\u5fc5\u8981\u306f\u3042\u308a\u307e\u305b\u3093\u3002\" \/>\n<meta property=\"og:url\" content=\"https:\/\/www.riteway-jp.com\/bicycle\/burley\/product\/burleyballzthruaxle\/\" \/>\n<meta property=\"og:site_name\" content=\"\u516c\u5f0f\u30d0\u30fc\u30ec\u30fc(Burley)\u81ea\u8ee2\u8eca\u7528\u30d9\u30d3\u30fc\u30ab\u30fc,\u30b5\u30a4\u30af\u30eb\u30c8\u30ec\u30fc\u30e9\u30fc\" \/>\n<meta property=\"article:modified_time\" content=\"2023-08-21T22:51:56+00:00\" \/>\n<meta property=\"og:image\" content=\"https:\/\/www.riteway-jp.com\/bicycle\/burley\/wp-content\/uploads\/2018\/07\/144062.png\" \/>\n\t<meta property=\"og:image:width\" content=\"1200\" \/>\n\t<meta property=\"og:image:height\" content=\"1200\" \/>\n\t<meta property=\"og:image:type\" content=\"image\/png\" \/>\n<meta name=\"twitter:card\" content=\"summary_large_image\" \/>\n<meta name=\"twitter:label1\" content=\"\u63a8\u5b9a\u8aad\u307f\u53d6\u308a\u6642\u9593\" \/>\n\t<meta name=\"twitter:data1\" content=\"1\u5206\" \/>\n<script type=\"application\/ld+json\" class=\"yoast-schema-graph\">{\"@context\":\"https:\/\/schema.org\",\"@graph\":[{\"@type\":\"WebPage\",\"@id\":\"https:\/\/www.riteway-jp.com\/bicycle\/burley\/product\/burleyballzthruaxle\/\",\"url\":\"https:\/\/www.riteway-jp.com\/bicycle\/burley\/product\/burleyballzthruaxle\/\",\"name\":\"Burley \u30dc\u30fc\u30eb\u30ba\u30b9\u30eb\u30fc\u30a2\u30af\u30b9\u30eb\uff08\u5728\u5eab\u9650\u308a\uff09 - \u516c\u5f0f\u30d0\u30fc\u30ec\u30fc(Burley)\u81ea\u8ee2\u8eca\u7528\u30d9\u30d3\u30fc\u30ab\u30fc,\u30b5\u30a4\u30af\u30eb\u30c8\u30ec\u30fc\u30e9\u30fc\",\"isPartOf\":{\"@id\":\"https:\/\/www.riteway-jp.com\/bicycle\/burley\/#website\"},\"datePublished\":\"2018-07-31T08:03:25+00:00\",\"dateModified\":\"2023-08-21T22:51:56+00:00\",\"breadcrumb\":{\"@id\":\"https:\/\/www.riteway-jp.com\/bicycle\/burley\/product\/burleyballzthruaxle\/#breadcrumb\"},\"inLanguage\":\"ja\",\"potentialAction\":[{\"@type\":\"ReadAction\",\"target\":[\"https:\/\/www.riteway-jp.com\/bicycle\/burley\/product\/burleyballzthruaxle\/\"]}]},{\"@type\":\"BreadcrumbList\",\"@id\":\"https:\/\/www.riteway-jp.com\/bicycle\/burley\/product\/burleyballzthruaxle\/#breadcrumb\",\"itemListElement\":[{\"@type\":\"ListItem\",\"position\":1,\"name\":\"Home\",\"item\":\"https:\/\/www.riteway-jp.com\/bicycle\/burley\/\"},{\"@type\":\"ListItem\",\"position\":2,\"name\":\"\u975e\u516c\u958b: \u30b9\u30c8\u30a2\",\"item\":\"https:\/\/www.riteway-jp.com\/bicycle\/burley\/?page_id=10\"},{\"@type\":\"ListItem\",\"position\":3,\"name\":\"Burley \u30dc\u30fc\u30eb\u30ba\u30b9\u30eb\u30fc\u30a2\u30af\u30b9\u30eb\uff08\u5728\u5eab\u9650\u308a\uff09\"}]},{\"@type\":\"WebSite\",\"@id\":\"https:\/\/www.riteway-jp.com\/bicycle\/burley\/#website\",\"url\":\"https:\/\/www.riteway-jp.com\/bicycle\/burley\/\",\"name\":\"\u516c\u5f0f\u30d0\u30fc\u30ec\u30fc(Burley)\u81ea\u8ee2\u8eca\u7528\u30d9\u30d3\u30fc\u30ab\u30fc,\u30b5\u30a4\u30af\u30eb\u30c8\u30ec\u30fc\u30e9\u30fc\",\"description\":\"\",\"potentialAction\":[{\"@type\":\"SearchAction\",\"target\":{\"@type\":\"EntryPoint\",\"urlTemplate\":\"https:\/\/www.riteway-jp.com\/bicycle\/burley\/?s={search_term_string}\"},\"query-input\":\"required name=search_term_string\"}],\"inLanguage\":\"ja\"}]}<\/script>\n<!-- \/ Yoast SEO plugin. -->","yoast_head_json":{"title":"Burley \u30dc\u30fc\u30eb\u30ba\u30b9\u30eb\u30fc\u30a2\u30af\u30b9\u30eb\uff08\u5728\u5eab\u9650\u308a\uff09 - \u516c\u5f0f\u30d0\u30fc\u30ec\u30fc(Burley)\u81ea\u8ee2\u8eca\u7528\u30d9\u30d3\u30fc\u30ab\u30fc,\u30b5\u30a4\u30af\u30eb\u30c8\u30ec\u30fc\u30e9\u30fc","robots":{"index":"index","follow":"follow","max-snippet":"max-snippet:-1","max-image-preview":"max-image-preview:large","max-video-preview":"max-video-preview:-1"},"canonical":"https:\/\/www.riteway-jp.com\/bicycle\/burley\/product\/burleyballzthruaxle\/","og_locale":"ja_JP","og_type":"article","og_title":"Burley \u30dc\u30fc\u30eb\u30ba\u30b9\u30eb\u30fc\u30a2\u30af\u30b9\u30eb\uff08\u5728\u5eab\u9650\u308a\uff09 - \u516c\u5f0f\u30d0\u30fc\u30ec\u30fc(Burley)\u81ea\u8ee2\u8eca\u7528\u30d9\u30d3\u30fc\u30ab\u30fc,\u30b5\u30a4\u30af\u30eb\u30c8\u30ec\u30fc\u30e9\u30fc","og_description":"\u5546\u54c1\u756a\u53f7 \u30b5\u30a4\u30ba   144060 12\u00d71.0 142-148mm \u751f\u7523\u7d42\u4e86   144061 12\u00d71.5 142-148mm   144062 12\u00d71.75 142-148mm   144069 12\u00d71.5 197mm \u751f\u7523\u7d42\u4e86   144070 12\u00d71.75 197mm \u751f\u7523\u7d42\u4e86   144071 12\u00d71.0 197mm \u751f\u7523\u7d42\u4e86   144072 12\u00d71.5 177mm \u751f\u7523\u7d42\u4e86   144073 12\u00d71.75 177mm \u751f\u7523\u7d42\u4e86   144074 12\u00d71.75 142-148mm LONG \u751f\u7523\u7d42\u4e86   &nbsp; 12mm\u30b9\u30eb\u30fc\u30a2\u30af\u30b9\u30eb\u3092\u63a1\u7528\u3057\u305f\u81ea\u8ee2\u8eca\u306bCOHO XC\u3092\u56fa\u5b9a\u3059\u308b\u305f\u3081\u306e\u5c02\u7528\u30b9\u30eb\u30fc\u30a2\u30af\u30b9\u30eb\u3002 \u4e00\u5ea6\u53d6\u308a\u4ed8\u3051\u3092\u884c\u3046\u3068\u53d6\u308a\u5916\u3059\u5fc5\u8981\u306f\u3042\u308a\u307e\u305b\u3093\u3002","og_url":"https:\/\/www.riteway-jp.com\/bicycle\/burley\/product\/burleyballzthruaxle\/","og_site_name":"\u516c\u5f0f\u30d0\u30fc\u30ec\u30fc(Burley)\u81ea\u8ee2\u8eca\u7528\u30d9\u30d3\u30fc\u30ab\u30fc,\u30b5\u30a4\u30af\u30eb\u30c8\u30ec\u30fc\u30e9\u30fc","article_modified_time":"2023-08-21T22:51:56+00:00","og_image":[{"width":1200,"height":1200,"url":"https:\/\/www.riteway-jp.com\/bicycle\/burley\/wp-content\/uploads\/2018\/07\/144062.png","type":"image\/png"}],"twitter_card":"summary_large_image","twitter_misc":{"\u63a8\u5b9a\u8aad\u307f\u53d6\u308a\u6642\u9593":"1\u5206"},"schema":{"@context":"https:\/\/schema.org","@graph":[{"@type":"WebPage","@id":"https:\/\/www.riteway-jp.com\/bicycle\/burley\/product\/burleyballzthruaxle\/","url":"https:\/\/www.riteway-jp.com\/bicycle\/burley\/product\/burleyballzthruaxle\/","name":"Burley \u30dc\u30fc\u30eb\u30ba\u30b9\u30eb\u30fc\u30a2\u30af\u30b9\u30eb\uff08\u5728\u5eab\u9650\u308a\uff09 - \u516c\u5f0f\u30d0\u30fc\u30ec\u30fc(Burley)\u81ea\u8ee2\u8eca\u7528\u30d9\u30d3\u30fc\u30ab\u30fc,\u30b5\u30a4\u30af\u30eb\u30c8\u30ec\u30fc\u30e9\u30fc","isPartOf":{"@id":"https:\/\/www.riteway-jp.com\/bicycle\/burley\/#website"},"datePublished":"2018-07-31T08:03:25+00:00","dateModified":"2023-08-21T22:51:56+00:00","breadcrumb":{"@id":"https:\/\/www.riteway-jp.com\/bicycle\/burley\/product\/burleyballzthruaxle\/#breadcrumb"},"inLanguage":"ja","potentialAction":[{"@type":"ReadAction","target":["https:\/\/www.riteway-jp.com\/bicycle\/burley\/product\/burleyballzthruaxle\/"]}]},{"@type":"BreadcrumbList","@id":"https:\/\/www.riteway-jp.com\/bicycle\/burley\/product\/burleyballzthruaxle\/#breadcrumb","itemListElement":[{"@type":"ListItem","position":1,"name":"Home","item":"https:\/\/www.riteway-jp.com\/bicycle\/burley\/"},{"@type":"ListItem","position":2,"name":"\u975e\u516c\u958b: \u30b9\u30c8\u30a2","item":"https:\/\/www.riteway-jp.com\/bicycle\/burley\/?page_id=10"},{"@type":"ListItem","position":3,"name":"Burley \u30dc\u30fc\u30eb\u30ba\u30b9\u30eb\u30fc\u30a2\u30af\u30b9\u30eb\uff08\u5728\u5eab\u9650\u308a\uff09"}]},{"@type":"WebSite","@id":"https:\/\/www.riteway-jp.com\/bicycle\/burley\/#website","url":"https:\/\/www.riteway-jp.com\/bicycle\/burley\/","name":"\u516c\u5f0f\u30d0\u30fc\u30ec\u30fc(Burley)\u81ea\u8ee2\u8eca\u7528\u30d9\u30d3\u30fc\u30ab\u30fc,\u30b5\u30a4\u30af\u30eb\u30c8\u30ec\u30fc\u30e9\u30fc","description":"","potentialAction":[{"@type":"SearchAction","target":{"@type":"EntryPoint","urlTemplate":"https:\/\/www.riteway-jp.com\/bicycle\/burley\/?s={search_term_string}"},"query-input":"required name=search_term_string"}],"inLanguage":"ja"}]}},"_links":{"self":[{"href":"https:\/\/www.riteway-jp.com\/bicycle\/burley\/wp-json\/wp\/v2\/product\/934"}],"collection":[{"href":"https:\/\/www.riteway-jp.com\/bicycle\/burley\/wp-json\/wp\/v2\/product"}],"about":[{"href":"https:\/\/www.riteway-jp.com\/bicycle\/burley\/wp-json\/wp\/v2\/types\/product"}],"replies":[{"embeddable":true,"href":"https:\/\/www.riteway-jp.com\/bicycle\/burley\/wp-json\/wp\/v2\/comments?post=934"}],"wp:featuredmedia":[{"embeddable":true,"href":"https:\/\/www.riteway-jp.com\/bicycle\/burley\/wp-json\/wp\/v2\/media\/937"}],"wp:attachment":[{"href":"https:\/\/www.riteway-jp.com\/bicycle\/burley\/wp-json\/wp\/v2\/media?parent=934"}],"wp:term":[{"taxonomy":"product_cat","embeddable":true,"href":"https:\/\/www.riteway-jp.com\/bicycle\/burley\/wp-json\/wp\/v2\/product_cat?post=934"},{"taxonomy":"product_tag","embeddable":true,"href":"https:\/\/www.riteway-jp.com\/bicycle\/burley\/wp-json\/wp\/v2\/product_tag?post=934"}],"curies":[{"name":"wp","href":"https:\/\/api.w.org\/{rel}","templated":true}]}}